{"id":6272,"date":"2022-12-21T09:09:59","date_gmt":"2022-12-21T09:09:59","guid":{"rendered":"https:\/\/lasound.sereno.agency\/about\/"},"modified":"2024-11-29T15:27:27","modified_gmt":"2024-11-29T15:27:27","slug":"about","status":"publish","type":"page","link":"https:\/\/www.lasound.it\/de\/about\/","title":{"rendered":"About"},"content":{"rendered":"\t\t<div data-elementor-type=\"wp-page\" data-elementor-id=\"6272\" class=\"elementor elementor-6272 elementor-770\">\n\t\t\t\t\t\t\t\t\t<section class=\"elementor-section elementor-top-section elementor-element elementor-element-fd754d0 rey-flexWrap elementor-section-boxed elementor-section-gap-default elementor-section-height-default elementor-section-height-default\" data-id=\"fd754d0\" data-element_type=\"section\">\n\t\t\t\t\t\t<div class=\"elementor-container elementor-column-gap-default\">\n\t\t\t\t\t<div class=\"elementor-column elementor-col-33 elementor-top-column elementor-element elementor-element-fc79b05\" data-id=\"fc79b05\" data-element_type=\"column\">\n\t\t\t<div class=\"elementor-column-wrap--fc79b05 elementor-widget-wrap elementor-element-populated\">\n\t\t\t\t\t\t\t\t<div class=\"elementor-element elementor-element-f7d203e elementor-widget-divider--view-line elementor-widget elementor-widget-divider\" data-id=\"f7d203e\" data-element_type=\"widget\" data-widget_type=\"divider.default\">\n\t\t\t\t<div class=\"elementor-widget-container\">\n\t\t\t<style>\/*! elementor - v3.8.1 - 13-11-2022 *\/\n.elementor-widget-divider{--divider-border-style:none;--divider-border-width:1px;--divider-color:#2c2c2c;--divider-icon-size:20px;--divider-element-spacing:10px;--divider-pattern-height:24px;--divider-pattern-size:20px;--divider-pattern-url:none;--divider-pattern-repeat:repeat-x}.elementor-widget-divider .elementor-divider{display:-webkit-box;display:-ms-flexbox;display:flex}.elementor-widget-divider .elementor-divider__text{font-size:15px;line-height:1;max-width:95%}.elementor-widget-divider .elementor-divider__element{margin:0 var(--divider-element-spacing);-ms-flex-negative:0;flex-shrink:0}.elementor-widget-divider .elementor-icon{font-size:var(--divider-icon-size)}.elementor-widget-divider .elementor-divider-separator{display:-webkit-box;display:-ms-flexbox;display:flex;margin:0;direction:ltr}.elementor-widget-divider--view-line_icon .elementor-divider-separator,.elementor-widget-divider--view-line_text .elementor-divider-separator{-webkit-box-align:center;-ms-flex-align:center;align-items:center}.elementor-widget-divider--view-line_icon .elementor-divider-separator:after,.elementor-widget-divider--view-line_icon .elementor-divider-separator:before,.elementor-widget-divider--view-line_text .elementor-divider-separator:after,.elementor-widget-divider--view-line_text .elementor-divider-separator:before{display:block;content:\"\";border-bottom:0;-webkit-box-flex:1;-ms-flex-positive:1;flex-grow:1;border-top:var(--divider-border-width) var(--divider-border-style) var(--divider-color)}.elementor-widget-divider--element-align-left .elementor-divider .elementor-divider-separator>.elementor-divider__svg:first-of-type{-webkit-box-flex:0;-ms-flex-positive:0;flex-grow:0;-ms-flex-negative:100;flex-shrink:100}.elementor-widget-divider--element-align-left .elementor-divider-separator:before{content:none}.elementor-widget-divider--element-align-left .elementor-divider__element{margin-left:0}.elementor-widget-divider--element-align-right .elementor-divider .elementor-divider-separator>.elementor-divider__svg:last-of-type{-webkit-box-flex:0;-ms-flex-positive:0;flex-grow:0;-ms-flex-negative:100;flex-shrink:100}.elementor-widget-divider--element-align-right .elementor-divider-separator:after{content:none}.elementor-widget-divider--element-align-right .elementor-divider__element{margin-right:0}.elementor-widget-divider:not(.elementor-widget-divider--view-line_text):not(.elementor-widget-divider--view-line_icon) .elementor-divider-separator{border-top:var(--divider-border-width) var(--divider-border-style) var(--divider-color)}.elementor-widget-divider--separator-type-pattern{--divider-border-style:none}.elementor-widget-divider--separator-type-pattern.elementor-widget-divider--view-line .elementor-divider-separator,.elementor-widget-divider--separator-type-pattern:not(.elementor-widget-divider--view-line) .elementor-divider-separator:after,.elementor-widget-divider--separator-type-pattern:not(.elementor-widget-divider--view-line) .elementor-divider-separator:before,.elementor-widget-divider--separator-type-pattern:not([class*=elementor-widget-divider--view]) .elementor-divider-separator{width:100%;min-height:var(--divider-pattern-height);-webkit-mask-size:var(--divider-pattern-size) 100%;mask-size:var(--divider-pattern-size) 100%;-webkit-mask-repeat:var(--divider-pattern-repeat);mask-repeat:var(--divider-pattern-repeat);background-color:var(--divider-color);-webkit-mask-image:var(--divider-pattern-url);mask-image:var(--divider-pattern-url)}.elementor-widget-divider--no-spacing{--divider-pattern-size:auto}.elementor-widget-divider--bg-round{--divider-pattern-repeat:round}.rtl .elementor-widget-divider .elementor-divider__text{direction:rtl}.e-con-inner>.elementor-widget-divider,.e-con>.elementor-widget-divider{width:var(--container-widget-width,100%)}<\/style>\t\t<div class=\"elementor-divider\">\n\t\t\t<span class=\"elementor-divider-separator\">\n\t\t\t\t\t\t<\/span>\n\t\t<\/div>\n\t\t\t\t<\/div>\n\t\t\t\t<\/div>\n\t\t\t\t\t<\/div>\n\t\t<\/div>\n\t\t\t\t<div class=\"elementor-column elementor-col-33 elementor-top-column elementor-element elementor-element-908a613\" data-id=\"908a613\" data-element_type=\"column\">\n\t\t\t<div class=\"elementor-column-wrap--908a613 elementor-widget-wrap elementor-element-populated\">\n\t\t\t\t\t\t\t\t<div class=\"elementor-element elementor-element-1472a0e elementor-widget elementor-widget-heading\" data-id=\"1472a0e\" data-element_type=\"widget\" data-widget_type=\"heading.default\">\n\t\t\t\t<div class=\"elementor-widget-container\">\n\t\t\t<style>\/*! elementor - v3.8.1 - 13-11-2022 *\/\n.elementor-heading-title{padding:0;margin:0;line-height:1}.elementor-widget-heading .elementor-heading-title[class*=elementor-size-]>a{color:inherit;font-size:inherit;line-height:inherit}.elementor-widget-heading .elementor-heading-title.elementor-size-small{font-size:15px}.elementor-widget-heading .elementor-heading-title.elementor-size-medium{font-size:19px}.elementor-widget-heading .elementor-heading-title.elementor-size-large{font-size:29px}.elementor-widget-heading .elementor-heading-title.elementor-size-xl{font-size:39px}.elementor-widget-heading .elementor-heading-title.elementor-size-xxl{font-size:59px}<\/style><h1 class=\"elementor-heading-title elementor-size-xxl\">About<\/h1>\t\t<\/div>\n\t\t\t\t<\/div>\n\t\t\t\t\t<\/div>\n\t\t<\/div>\n\t\t\t\t<div class=\"elementor-column elementor-col-33 elementor-top-column elementor-element elementor-element-1dc91b3\" data-id=\"1dc91b3\" data-element_type=\"column\">\n\t\t\t<div class=\"elementor-column-wrap--1dc91b3 elementor-widget-wrap\">\n\t\t\t\t\t\t\t\t\t<\/div>\n\t\t<\/div>\n\t\t\t\t\t\t\t<\/div>\n\t\t<\/section>\n\t\t\t\t<section class=\"elementor-section elementor-top-section elementor-element elementor-element-5f408dd elementor-section-boxed elementor-section-gap-default elementor-section-height-default elementor-section-height-default\" data-id=\"5f408dd\" data-element_type=\"section\">\n\t\t\t\t\t\t<div class=\"elementor-container elementor-column-gap-default\">\n\t\t\t\t\t<div class=\"elementor-column elementor-col-100 elementor-top-column elementor-element elementor-element-389ec97\" data-id=\"389ec97\" data-element_type=\"column\">\n\t\t\t<div class=\"elementor-column-wrap--389ec97 elementor-widget-wrap elementor-element-populated\">\n\t\t\t\t\t\t\t\t<div class=\"elementor-element elementor-element-87b1f7f u-links-anim-ul elementor-widget elementor-widget-text-editor\" data-id=\"87b1f7f\" data-element_type=\"widget\" data-widget_type=\"text-editor.default\">\n\t\t\t\t<div class=\"elementor-widget-container\">\n\t\t\t<style>\/*! elementor - v3.8.1 - 13-11-2022 *\/\n.elementor-widget-text-editor.elementor-drop-cap-view-stacked .elementor-drop-cap{background-color:#818a91;color:#fff}.elementor-widget-text-editor.elementor-drop-cap-view-framed .elementor-drop-cap{color:#818a91;border:3px solid;background-color:transparent}.elementor-widget-text-editor:not(.elementor-drop-cap-view-default) .elementor-drop-cap{margin-top:8px}.elementor-widget-text-editor:not(.elementor-drop-cap-view-default) .elementor-drop-cap-letter{width:1em;height:1em}.elementor-widget-text-editor .elementor-drop-cap{float:left;text-align:center;line-height:1;font-size:50px}.elementor-widget-text-editor .elementor-drop-cap-letter{display:inline-block}<\/style>\t\t\t\t<p>Die in 30 Jahren T\u00e4tigkeit erworbene Erfahrung in der industriellen Herstellung von Silberlegierungen kombiniert mit meinem technisch-elektronischen Hintergrund haben mich dazu gebracht, die Leidenschaft f\u00fcr Musik in eine neue produktive und kommerzielle Herausforderung zu verwandeln.<\/p>\n<p>Seit mehr als 15 Jahren experimentieren und entwickeln wir Silbergussteile f\u00fcr die Herstellung von Leitern f\u00fcr elektrische und elektronische Anwendungen im industriellen Bereich, mit gezielten Forschungen und mit der Unterst\u00fctzung der Universit\u00e4t Padua &#8211; Fachbereich Metallurgie in Vicenza.<\/p>\n<p>Nach diesen Studien und eingehenden Untersuchungen unserer Legierungen unter Einsatz der modernsten Ger\u00e4te (z. B. Elektronenmikroskop, Spektrophotometer) und mit gezielten metallurgischen Forschungen und Analysen zur Schmelzung und den nachfolgenden Verarbeitungsphasen, haben wir Kabel f\u00fcr den Hi-Fi und Hi-End-Sektor entwickelt, die derzeit unter unserer eingetragenen Marke LA SOUND vermarktet werden.<\/p>\n<p>In der Tat geh\u00f6ren wir zu den wenigen echten Herstellern weltweit, die Massivdraht (oder Leiterdraht) selbst herstellen. Die Wahl der Art der spezifischen Isolierung und die ihrer Dicke sowie die verwendete Abschirmung sind weitere technische Aspekte, die dazu beitragen, ein qualitativ hochwertiges Produkt zu erhalten. Die Sorgfalt und die Aufmerksamkeit bei der Herstellung der Leiter zeigt sich auch bei der Fertigung unserer Steckverbinder aus 99,99 % reinem OFC-Kupfer, die anschlie\u00dfend mit mehreren Oberfl\u00e4chenbehandlungen und Veredelungen, die im Schmuckbereich verwendet werden, versch\u00f6nert werden.<\/p>\n<p>Alle unsere Produkte sind handgefertigt und rigoros \u201eMade in Italy\u201c, hergestellt in unserem Unternehmen in Lozzo Atestino (Padua).<\/p>\n<p>Mit unserer Marke LA SOUND zielen wir darauf ab, dem Kunden ein Produkt von h\u00f6chster klanglicher und \u00e4sthetischer Qualit\u00e4t zu bieten. Opernliebhaber und umgeben von Opernh\u00e4usern ist es unser Ziel, die Musikveranstaltung \u201elive\u201c wiederzugeben und unsere Kabel d\u00fcrfen nur der rote Faden f\u00fcr eine korrekte und pr\u00e4zise Wiedergabe der menschlichen Stimme und der Musikinstrumente sein, aus denen die Klangb\u00fchne besteht. Nicht mehr und nicht weniger.<\/p>\n\t\t\t\t\t\t<\/div>\n\t\t\t\t<\/div>\n\t\t\t\t<div class=\"elementor-element elementor-element-eeef40b elementor-widget elementor-widget-heading\" data-id=\"eeef40b\" data-element_type=\"widget\" data-widget_type=\"heading.default\">\n\t\t\t\t<div class=\"elementor-widget-container\">\n\t\t\t<h4 class=\"elementor-heading-title elementor-size-default\">Paolo Marchetti<\/h4>\t\t<\/div>\n\t\t\t\t<\/div>\n\t\t\t\t\t<\/div>\n\t\t<\/div>\n\t\t\t\t\t\t\t<\/div>\n\t\t<\/section>\n\t\t\t\t<section class=\"elementor-section elementor-top-section elementor-element elementor-element-6572fbc8 rey-section-stretched elementor-section-gap-no elementor-section-content-bottom rey-flexWrap rey-section-bg--classic elementor-section-boxed elementor-section-height-default elementor-section-height-default\" data-id=\"6572fbc8\" data-element_type=\"section\" data-settings=\"{&quot;background_background&quot;:&quot;classic&quot;}\">\n\t\t\t\t\t\t<div class=\"elementor-container elementor-column-gap-no\">\n\t\t\t\t\t<div class=\"elementor-column elementor-col-33 elementor-top-column elementor-element elementor-element-5a2f40d2\" data-id=\"5a2f40d2\" data-element_type=\"column\">\n\t\t\t<div class=\"elementor-column-wrap--5a2f40d2 elementor-widget-wrap elementor-element-populated\">\n\t\t\t\t\t\t\t\t<div class=\"elementor-element elementor-element-58a3e3b elementor-widget elementor-widget-image\" data-id=\"58a3e3b\" data-element_type=\"widget\" data-widget_type=\"image.default\">\n\t\t\t\t<div class=\"elementor-widget-container\">\n\t\t\t<style>\/*! elementor - v3.8.1 - 13-11-2022 *\/\n.elementor-widget-image{text-align:center}.elementor-widget-image a{display:inline-block}.elementor-widget-image a img[src$=\".svg\"]{width:48px}.elementor-widget-image img{vertical-align:middle;display:inline-block}<\/style>\t\t\t\t\t\t\t\t\t\t\t\t<img loading=\"lazy\" decoding=\"async\" width=\"800\" height=\"934\" src=\"https:\/\/www.lasound.it\/wp-content\/uploads\/2022\/11\/foto-profilo-paolo.jpg\" class=\"attachment-full size-full\" alt=\"Paolo Marchetti - La Sound\" srcset=\"https:\/\/www.lasound.it\/wp-content\/uploads\/2022\/11\/foto-profilo-paolo.jpg 800w, https:\/\/www.lasound.it\/wp-content\/uploads\/2022\/11\/foto-profilo-paolo-257x300.jpg 257w, https:\/\/www.lasound.it\/wp-content\/uploads\/2022\/11\/foto-profilo-paolo-768x897.jpg 768w\" sizes=\"auto, (max-width: 800px) 100vw, 800px\" \/>\t\t\t\t\t\t\t\t\t\t\t\t\t\t\t<\/div>\n\t\t\t\t<\/div>\n\t\t\t\t\t<\/div>\n\t\t<\/div>\n\t\t\t\t<div class=\"elementor-column elementor-col-33 elementor-top-column elementor-element elementor-element-65bd74fe rey-colbg--classic\" data-id=\"65bd74fe\" data-element_type=\"column\" data-settings=\"{&quot;background_background&quot;:&quot;classic&quot;}\">\n\t\t\t<div class=\"elementor-column-wrap--65bd74fe elementor-widget-wrap elementor-element-populated\">\n\t\t\t\t\t\t\t\t<div class=\"elementor-element elementor-element-20360d0 u-links-anim-ul elementor-widget elementor-widget-text-editor\" data-id=\"20360d0\" data-element_type=\"widget\" data-widget_type=\"text-editor.default\">\n\t\t\t\t<div class=\"elementor-widget-container\">\n\t\t\t\t\t\t\t<p>&#8222;Musik dr\u00fcckt aus, was nicht gesagt werden kann und wor\u00fcber es unm\u00f6glich ist, still zu sein&#8220;<\/p>\n\t\t\t\t\t\t<\/div>\n\t\t\t\t<\/div>\n\t\t\t\t<div class=\"elementor-element elementor-element-7ea0546a elementor-widget elementor-widget-heading\" data-id=\"7ea0546a\" data-element_type=\"widget\" data-widget_type=\"heading.default\">\n\t\t\t\t<div class=\"elementor-widget-container\">\n\t\t\t<h3 class=\"elementor-heading-title elementor-size-default\">Victor Hugo<\/h3>\t\t<\/div>\n\t\t\t\t<\/div>\n\t\t\t\t\t<\/div>\n\t\t<\/div>\n\t\t\t\t<div class=\"elementor-column elementor-col-33 elementor-top-column elementor-element elementor-element-3d3fb922 elementor-hidden-phone\" data-id=\"3d3fb922\" data-element_type=\"column\">\n\t\t\t<div class=\"elementor-column-wrap--3d3fb922 elementor-widget-wrap elementor-element-populated\">\n\t\t\t\t\t\t\t\t<div class=\"elementor-element elementor-element-0746282 elementor-widget elementor-widget-spacer\" data-id=\"0746282\" data-element_type=\"widget\" data-widget_type=\"spacer.default\">\n\t\t\t\t<div class=\"elementor-widget-container\">\n\t\t\t<style>\/*! elementor - v3.8.1 - 13-11-2022 *\/\n.elementor-column .elementor-spacer-inner{height:var(--spacer-size)}.e-con{--container-widget-width:100%}.e-con-inner>.elementor-widget-spacer,.e-con>.elementor-widget-spacer{width:var(--container-widget-width,var(--spacer-size));-ms-flex-item-align:stretch;align-self:stretch;-ms-flex-negative:0;flex-shrink:0}.e-con-inner>.elementor-widget-spacer>.elementor-widget-container,.e-con-inner>.elementor-widget-spacer>.elementor-widget-container>.elementor-spacer,.e-con>.elementor-widget-spacer>.elementor-widget-container,.e-con>.elementor-widget-spacer>.elementor-widget-container>.elementor-spacer{height:100%}.e-con-inner>.elementor-widget-spacer>.elementor-widget-container>.elementor-spacer>.elementor-spacer-inner,.e-con>.elementor-widget-spacer>.elementor-widget-container>.elementor-spacer>.elementor-spacer-inner{height:var(--container-widget-height,var(--spacer-size))}<\/style>\t\t<div class=\"elementor-spacer\">\n\t\t\t<div class=\"elementor-spacer-inner\"><\/div>\n\t\t<\/div>\n\t\t\t\t<\/div>\n\t\t\t\t<\/div>\n\t\t\t\t\t<\/div>\n\t\t<\/div>\n\t\t\t\t\t\t\t<\/div>\n\t\t<\/section>\n\t\t\t\t<section class=\"elementor-section elementor-top-section elementor-element elementor-element-93ae4e0 rey-section-stretched rey-flexWrap rey-section-bg--classic elementor-section-boxed elementor-section-gap-default elementor-section-height-default elementor-section-height-default\" data-id=\"93ae4e0\" data-element_type=\"section\" data-settings=\"{&quot;background_background&quot;:&quot;classic&quot;}\">\n\t\t\t\t\t\t<div class=\"elementor-container elementor-column-gap-default\">\n\t\t\t\t\t<div class=\"elementor-column elementor-col-100 elementor-top-column elementor-element elementor-element-db7f733\" data-id=\"db7f733\" data-element_type=\"column\">\n\t\t\t<div class=\"elementor-column-wrap--db7f733 elementor-widget-wrap elementor-element-populated\">\n\t\t\t\t\t\t\t\t<section class=\"elementor-section elementor-inner-section elementor-element elementor-element-1ba25c3 rey-flexWrap elementor-section-height-min-height elementor-section-content-bottom rey-section-bg--classic elementor-section-boxed elementor-section-gap-default elementor-section-height-default\" data-id=\"1ba25c3\" data-element_type=\"section\" data-settings=\"{&quot;background_background&quot;:&quot;classic&quot;}\">\n\t\t\t\t\t\t<div class=\"elementor-container elementor-column-gap-default\">\n\t\t\t\t\t<div class=\"elementor-column elementor-col-100 elementor-inner-column elementor-element elementor-element-1c73c84\" data-id=\"1c73c84\" data-element_type=\"column\">\n\t\t\t<div class=\"elementor-column-wrap--1c73c84 elementor-widget-wrap elementor-element-populated\">\n\t\t\t\t\t\t\t\t<div class=\"elementor-element elementor-element-3a4a8c8 elementor-aspect-ratio-169 elementor-widget elementor-widget-video\" data-id=\"3a4a8c8\" data-element_type=\"widget\" data-settings=\"{&quot;youtube_url&quot;:&quot;https:\\\/\\\/youtu.be\\\/Oo_I7BI1v1M&quot;,&quot;video_type&quot;:&quot;youtube&quot;,&quot;controls&quot;:&quot;yes&quot;,&quot;aspect_ratio&quot;:&quot;169&quot;}\" data-widget_type=\"video.default\">\n\t\t\t\t<div class=\"elementor-widget-container\">\n\t\t\t<style>\/*! elementor - v3.8.1 - 13-11-2022 *\/\n.elementor-widget-video .elementor-widget-container{overflow:hidden;-webkit-transform:translateZ(0);transform:translateZ(0)}.elementor-widget-video .elementor-open-inline .elementor-custom-embed-image-overlay{position:absolute;top:0;left:0;width:100%;height:100%;background-size:cover;background-position:50%}.elementor-widget-video .elementor-custom-embed-image-overlay{cursor:pointer;text-align:center}.elementor-widget-video .elementor-custom-embed-image-overlay:hover .elementor-custom-embed-play i{opacity:1}.elementor-widget-video .elementor-custom-embed-image-overlay img{display:block;width:100%}.elementor-widget-video .e-hosted-video .elementor-video{-o-object-fit:cover;object-fit:cover}.e-con-inner>.elementor-widget-video,.e-con>.elementor-widget-video{width:var(--container-widget-width,100%)}<\/style>\t\t<div class=\"elementor-wrapper elementor-fit-aspect-ratio elementor-open-inline\">\n\t\t\t<div class=\"elementor-video\"><\/div>\t\t<\/div>\n\t\t\t\t<\/div>\n\t\t\t\t<\/div>\n\t\t\t\t\t<\/div>\n\t\t<\/div>\n\t\t\t\t\t\t\t<\/div>\n\t\t<\/section>\n\t\t\t\t\t<\/div>\n\t\t<\/div>\n\t\t\t\t\t\t\t<\/div>\n\t\t<\/section>\n\t\t\t\t\t\t\t<\/div>\n\t\t","protected":false},"excerpt":{"rendered":"<p>About Die in 30 Jahren T\u00e4tigkeit erworbene Erfahrung in der industriellen Herstellung von Silberlegierungen kombiniert mit meinem technisch-elektronischen Hintergrund haben mich dazu gebracht, die Leidenschaft f\u00fcr Musik in eine neue produktive und kommerzielle Herausforderung zu verwandeln. Seit mehr als 15 Jahren experimentieren und entwickeln wir Silbergussteile f\u00fcr die Herstellung von Leitern f\u00fcr elektrische und elektronische [&hellip;]<\/p>\n","protected":false},"author":1,"featured_media":0,"parent":0,"menu_order":0,"comment_status":"closed","ping_status":"closed","template":"template-builder.php","meta":{"footnotes":""},"class_list":["post-6272","page","type-page","status-publish","hentry"],"acf":[],"yoast_head":"<!-- This site is optimized with the Yoast SEO plugin v20.8 - https:\/\/yoast.com\/wordpress\/plugins\/seo\/ -->\n<title>About - LA SOUND<\/title>\n<meta name=\"description\" content=\"Seit \u00fcber 30 Jahren bieten wir mit unserer Marke LA SOUND dem Verbraucher ein Produkt von extrem hoher klanglicher und \u00e4sthetischer Qualit\u00e4t.\" \/>\n<meta name=\"robots\" content=\"index, follow, max-snippet:-1, max-image-preview:large, max-video-preview:-1\" \/>\n<link rel=\"canonical\" href=\"https:\/\/www.lasound.it\/de\/about\/\" \/>\n<meta property=\"og:locale\" content=\"de_DE\" \/>\n<meta property=\"og:type\" content=\"article\" \/>\n<meta property=\"og:title\" content=\"About - LA SOUND\" \/>\n<meta property=\"og:description\" content=\"Seit \u00fcber 30 Jahren bieten wir mit unserer Marke LA SOUND dem Verbraucher ein Produkt von extrem hoher klanglicher und \u00e4sthetischer Qualit\u00e4t.\" \/>\n<meta property=\"og:url\" content=\"https:\/\/www.lasound.it\/de\/about\/\" \/>\n<meta property=\"og:site_name\" content=\"LA SOUND\" \/>\n<meta property=\"article:modified_time\" content=\"2024-11-29T15:27:27+00:00\" \/>\n<meta property=\"og:image\" content=\"https:\/\/www.lasound.it\/wp-content\/uploads\/2022\/11\/foto-profilo-paolo.jpg\" \/>\n<meta name=\"twitter:card\" content=\"summary_large_image\" \/>\n<meta name=\"twitter:label1\" content=\"Gesch\u00e4tzte Lesezeit\" \/>\n\t<meta name=\"twitter:data1\" content=\"2\u00a0Minuten\" \/>\n<script type=\"application\/ld+json\" class=\"yoast-schema-graph\">{\"@context\":\"https:\/\/schema.org\",\"@graph\":[{\"@type\":\"WebPage\",\"@id\":\"https:\/\/www.lasound.it\/de\/about\/\",\"url\":\"https:\/\/www.lasound.it\/de\/about\/\",\"name\":\"About - LA SOUND\",\"isPartOf\":{\"@id\":\"https:\/\/www.lasound.it\/#website\"},\"datePublished\":\"2022-12-21T09:09:59+00:00\",\"dateModified\":\"2024-11-29T15:27:27+00:00\",\"description\":\"Seit \u00fcber 30 Jahren bieten wir mit unserer Marke LA SOUND dem Verbraucher ein Produkt von extrem hoher klanglicher und \u00e4sthetischer Qualit\u00e4t.\",\"inLanguage\":\"de\",\"potentialAction\":[{\"@type\":\"ReadAction\",\"target\":[\"https:\/\/www.lasound.it\/de\/about\/\"]}]},{\"@type\":\"WebSite\",\"@id\":\"https:\/\/www.lasound.it\/#website\",\"url\":\"https:\/\/www.lasound.it\/\",\"name\":\"LA SOUND\",\"description\":\"Silver Beating\",\"publisher\":{\"@id\":\"https:\/\/www.lasound.it\/#organization\"},\"potentialAction\":[{\"@type\":\"SearchAction\",\"target\":{\"@type\":\"EntryPoint\",\"urlTemplate\":\"https:\/\/www.lasound.it\/?s={search_term_string}\"},\"query-input\":\"required name=search_term_string\"}],\"inLanguage\":\"de\"},{\"@type\":\"Organization\",\"@id\":\"https:\/\/www.lasound.it\/#organization\",\"name\":\"LA SOUND\",\"url\":\"https:\/\/www.lasound.it\/\",\"logo\":{\"@type\":\"ImageObject\",\"inLanguage\":\"de\",\"@id\":\"https:\/\/www.lasound.it\/#\/schema\/logo\/image\/\",\"url\":\"https:\/\/www.lasound.it\/wp-content\/uploads\/2022\/09\/logo-la-sound-200x43-1.png\",\"contentUrl\":\"https:\/\/www.lasound.it\/wp-content\/uploads\/2022\/09\/logo-la-sound-200x43-1.png\",\"width\":200,\"height\":43,\"caption\":\"LA SOUND\"},\"image\":{\"@id\":\"https:\/\/www.lasound.it\/#\/schema\/logo\/image\/\"}}]}<\/script>\n<!-- \/ Yoast SEO plugin. -->","yoast_head_json":{"title":"About - LA SOUND","description":"Seit \u00fcber 30 Jahren bieten wir mit unserer Marke LA SOUND dem Verbraucher ein Produkt von extrem hoher klanglicher und \u00e4sthetischer Qualit\u00e4t.","robots":{"index":"index","follow":"follow","max-snippet":"max-snippet:-1","max-image-preview":"max-image-preview:large","max-video-preview":"max-video-preview:-1"},"canonical":"https:\/\/www.lasound.it\/de\/about\/","og_locale":"de_DE","og_type":"article","og_title":"About - LA SOUND","og_description":"Seit \u00fcber 30 Jahren bieten wir mit unserer Marke LA SOUND dem Verbraucher ein Produkt von extrem hoher klanglicher und \u00e4sthetischer Qualit\u00e4t.","og_url":"https:\/\/www.lasound.it\/de\/about\/","og_site_name":"LA SOUND","article_modified_time":"2024-11-29T15:27:27+00:00","og_image":[{"url":"https:\/\/www.lasound.it\/wp-content\/uploads\/2022\/11\/foto-profilo-paolo.jpg"}],"twitter_card":"summary_large_image","twitter_misc":{"Gesch\u00e4tzte Lesezeit":"2\u00a0Minuten"},"schema":{"@context":"https:\/\/schema.org","@graph":[{"@type":"WebPage","@id":"https:\/\/www.lasound.it\/de\/about\/","url":"https:\/\/www.lasound.it\/de\/about\/","name":"About - LA SOUND","isPartOf":{"@id":"https:\/\/www.lasound.it\/#website"},"datePublished":"2022-12-21T09:09:59+00:00","dateModified":"2024-11-29T15:27:27+00:00","description":"Seit \u00fcber 30 Jahren bieten wir mit unserer Marke LA SOUND dem Verbraucher ein Produkt von extrem hoher klanglicher und \u00e4sthetischer Qualit\u00e4t.","inLanguage":"de","potentialAction":[{"@type":"ReadAction","target":["https:\/\/www.lasound.it\/de\/about\/"]}]},{"@type":"WebSite","@id":"https:\/\/www.lasound.it\/#website","url":"https:\/\/www.lasound.it\/","name":"LA SOUND","description":"Silver Beating","publisher":{"@id":"https:\/\/www.lasound.it\/#organization"},"potentialAction":[{"@type":"SearchAction","target":{"@type":"EntryPoint","urlTemplate":"https:\/\/www.lasound.it\/?s={search_term_string}"},"query-input":"required name=search_term_string"}],"inLanguage":"de"},{"@type":"Organization","@id":"https:\/\/www.lasound.it\/#organization","name":"LA SOUND","url":"https:\/\/www.lasound.it\/","logo":{"@type":"ImageObject","inLanguage":"de","@id":"https:\/\/www.lasound.it\/#\/schema\/logo\/image\/","url":"https:\/\/www.lasound.it\/wp-content\/uploads\/2022\/09\/logo-la-sound-200x43-1.png","contentUrl":"https:\/\/www.lasound.it\/wp-content\/uploads\/2022\/09\/logo-la-sound-200x43-1.png","width":200,"height":43,"caption":"LA SOUND"},"image":{"@id":"https:\/\/www.lasound.it\/#\/schema\/logo\/image\/"}}]}},"_links":{"self":[{"href":"https:\/\/www.lasound.it\/de\/wp-json\/wp\/v2\/pages\/6272","targetHints":{"allow":["GET"]}}],"collection":[{"href":"https:\/\/www.lasound.it\/de\/wp-json\/wp\/v2\/pages"}],"about":[{"href":"https:\/\/www.lasound.it\/de\/wp-json\/wp\/v2\/types\/page"}],"author":[{"embeddable":true,"href":"https:\/\/www.lasound.it\/de\/wp-json\/wp\/v2\/users\/1"}],"replies":[{"embeddable":true,"href":"https:\/\/www.lasound.it\/de\/wp-json\/wp\/v2\/comments?post=6272"}],"version-history":[{"count":6,"href":"https:\/\/www.lasound.it\/de\/wp-json\/wp\/v2\/pages\/6272\/revisions"}],"predecessor-version":[{"id":13112,"href":"https:\/\/www.lasound.it\/de\/wp-json\/wp\/v2\/pages\/6272\/revisions\/13112"}],"wp:attachment":[{"href":"https:\/\/www.lasound.it\/de\/wp-json\/wp\/v2\/media?parent=6272"}],"curies":[{"name":"wp","href":"https:\/\/api.w.org\/{rel}","templated":true}]}}